{"id":7,"date":"2021-07-27T16:25:53","date_gmt":"2021-07-27T14:25:53","guid":{"rendered":"http:\/\/loupnoiredition.be\/?page_id=7"},"modified":"2022-03-30T08:48:58","modified_gmt":"2022-03-30T06:48:58","slug":"home","status":"publish","type":"page","link":"https:\/\/loupnoiredition.be\/","title":{"rendered":"Home"},"content":{"rendered":"\t\t<div data-elementor-type=\"wp-page\" data-elementor-id=\"7\" class=\"elementor elementor-7\">\n\t\t\t\t\t\t<section class=\"elementor-section elementor-top-section elementor-element elementor-element-d492e63 elementor-section-boxed elementor-section-height-default elementor-section-height-default\" data-id=\"d492e63\" data-element_type=\"section\" data-e-type=\"section\">\n\t\t\t\t\t\t<div class=\"elementor-container elementor-column-gap-default\">\n\t\t\t\t\t<div class=\"elementor-column elementor-col-100 elementor-top-column elementor-element elementor-element-54d77af\" data-id=\"54d77af\" data-element_type=\"column\" data-e-type=\"column\">\n\t\t\t<div class=\"elementor-widget-wrap elementor-element-populated\">\n\t\t\t\t\t\t<div class=\"elementor-element elementor-element-a4a4764 elementor-widget elementor-widget-heading\" data-id=\"a4a4764\" data-element_type=\"widget\" data-e-type=\"widget\" data-widget_type=\"heading.default\">\n\t\t\t\t<div class=\"elementor-widget-container\">\n\t\t\t\t\t<h1 class=\"elementor-heading-title elementor-size-default\">Bienvenue sur le site de Loup Noir Edition<\/h1>\t\t\t\t<\/div>\n\t\t\t\t<\/div>\n\t\t\t\t\t<\/div>\n\t\t<\/div>\n\t\t\t\t\t<\/div>\n\t\t<\/section>\n\t\t\t\t<section class=\"elementor-section elementor-top-section elementor-element elementor-element-d1fee3b elementor-section-boxed elementor-section-height-default elementor-section-height-default\" data-id=\"d1fee3b\" data-element_type=\"section\" data-e-type=\"section\">\n\t\t\t\t\t\t<div class=\"elementor-container elementor-column-gap-default\">\n\t\t\t\t\t<div class=\"elementor-column elementor-col-100 elementor-top-column elementor-element elementor-element-f092a69\" data-id=\"f092a69\" data-element_type=\"column\" data-e-type=\"column\">\n\t\t\t<div class=\"elementor-widget-wrap elementor-element-populated\">\n\t\t\t\t\t\t<div class=\"elementor-element elementor-element-dd68f5f elementor-widget elementor-widget-text-editor\" data-id=\"dd68f5f\" data-element_type=\"widget\" data-e-type=\"widget\" data-widget_type=\"text-editor.default\">\n\t\t\t\t<div class=\"elementor-widget-container\">\n\t\t\t\t\t\t\t\t\t<p><img fetchpriority=\"high\" decoding=\"async\" class=\"wp-image-146 alignleft\" src=\"https:\/\/loupnoiredition.be\/wp-content\/uploads\/2021\/07\/illu-loupnoiredition-recadre-300x224.png\" alt=\"Loup Noir\" width=\"350\" height=\"261\" srcset=\"https:\/\/loupnoiredition.be\/wp-content\/uploads\/2021\/07\/illu-loupnoiredition-recadre-300x224.png 300w, https:\/\/loupnoiredition.be\/wp-content\/uploads\/2021\/07\/illu-loupnoiredition-recadre-1024x764.png 1024w, https:\/\/loupnoiredition.be\/wp-content\/uploads\/2021\/07\/illu-loupnoiredition-recadre-768x573.png 768w, https:\/\/loupnoiredition.be\/wp-content\/uploads\/2021\/07\/illu-loupnoiredition-recadre-1536x1146.png 1536w, https:\/\/loupnoiredition.be\/wp-content\/uploads\/2021\/07\/illu-loupnoiredition-recadre-2048x1528.png 2048w\" sizes=\"(max-width: 350px) 100vw, 350px\" \/>Bienvenue sur le site de Loup Noir Edition, une maison d&rsquo;\u00e9dition d\u00e9sirant produire des ouvrages de qualit\u00e9s, tant par son contenu que par sa pr\u00e9sentation graphique.<\/p><p>Prenez place et d\u00e9couvrez nos talentueux auteurs ainsi que leurs merveilleux ouvrages qui sauront, nous l&rsquo;esp\u00e9rons vous transporter dans un autre monde, celui de nos livres !<\/p>\t\t\t\t\t\t\t\t<\/div>\n\t\t\t\t<\/div>\n\t\t\t\t\t<\/div>\n\t\t<\/div>\n\t\t\t\t\t<\/div>\n\t\t<\/section>\n\t\t\t\t<\/div>\n\t\t","protected":false},"excerpt":{"rendered":"<p>Bienvenue sur le site de Loup Noir Edition Bienvenue sur le site de Loup Noir Edition, une maison d&rsquo;\u00e9dition d\u00e9sirant produire des ouvrages de qualit\u00e9s, tant par son contenu que par sa pr\u00e9sentation graphique. Prenez place et d\u00e9couvrez nos talentueux auteurs ainsi que leurs merveilleux ouvrages qui sauront, nous l&rsquo;esp\u00e9rons vous transporter dans un autre &hellip;<\/p>\n","protected":false},"author":1,"featured_media":0,"parent":0,"menu_order":0,"comment_status":"closed","ping_status":"closed","template":"","meta":{"footnotes":""},"class_list":["post-7","page","type-page","status-publish","hentry"],"yoast_head":"<!-- This site is optimized with the Yoast SEO plugin v27.3 - https:\/\/yoast.com\/product\/yoast-seo-wordpress\/ -->\n<title>Home - Loup Noir Edition<\/title>\n<meta name=\"robots\" content=\"index, follow, max-snippet:-1, max-image-preview:large, max-video-preview:-1\" \/>\n<link rel=\"canonical\" href=\"https:\/\/loupnoiredition.be\/\" \/>\n<meta property=\"og:locale\" content=\"fr_FR\" \/>\n<meta property=\"og:type\" content=\"article\" \/>\n<meta property=\"og:title\" content=\"Home - Loup Noir Edition\" \/>\n<meta property=\"og:description\" content=\"Bienvenue sur le site de Loup Noir Edition Bienvenue sur le site de Loup Noir Edition, une maison d&rsquo;\u00e9dition d\u00e9sirant produire des ouvrages de qualit\u00e9s, tant par son contenu que par sa pr\u00e9sentation graphique. Prenez place et d\u00e9couvrez nos talentueux auteurs ainsi que leurs merveilleux ouvrages qui sauront, nous l&rsquo;esp\u00e9rons vous transporter dans un autre &hellip;\" \/>\n<meta property=\"og:url\" content=\"https:\/\/loupnoiredition.be\/\" \/>\n<meta property=\"og:site_name\" content=\"Loup Noir Edition\" \/>\n<meta property=\"article:publisher\" content=\"https:\/\/www.facebook.com\/LoupNoirEdition\" \/>\n<meta property=\"article:modified_time\" content=\"2022-03-30T06:48:58+00:00\" \/>\n<meta property=\"og:image\" content=\"https:\/\/loupnoiredition.be\/wp-content\/uploads\/2021\/07\/illu-loupnoiredition-recadre-300x224.png\" \/>\n<meta name=\"twitter:card\" content=\"summary_large_image\" \/>\n<meta name=\"twitter:site\" content=\"@EditionLoup\" \/>\n<meta name=\"twitter:label1\" content=\"Dur\u00e9e de lecture estim\u00e9e\" \/>\n\t<meta name=\"twitter:data1\" content=\"1 minute\" \/>\n<script type=\"application\/ld+json\" class=\"yoast-schema-graph\">{\"@context\":\"https:\\\/\\\/schema.org\",\"@graph\":[{\"@type\":\"WebPage\",\"@id\":\"https:\\\/\\\/loupnoiredition.be\\\/\",\"url\":\"https:\\\/\\\/loupnoiredition.be\\\/\",\"name\":\"Home - Loup Noir Edition\",\"isPartOf\":{\"@id\":\"https:\\\/\\\/loupnoiredition.be\\\/#website\"},\"primaryImageOfPage\":{\"@id\":\"https:\\\/\\\/loupnoiredition.be\\\/#primaryimage\"},\"image\":{\"@id\":\"https:\\\/\\\/loupnoiredition.be\\\/#primaryimage\"},\"thumbnailUrl\":\"https:\\\/\\\/loupnoiredition.be\\\/wp-content\\\/uploads\\\/2021\\\/07\\\/illu-loupnoiredition-recadre-300x224.png\",\"datePublished\":\"2021-07-27T14:25:53+00:00\",\"dateModified\":\"2022-03-30T06:48:58+00:00\",\"breadcrumb\":{\"@id\":\"https:\\\/\\\/loupnoiredition.be\\\/#breadcrumb\"},\"inLanguage\":\"fr-FR\",\"potentialAction\":[{\"@type\":\"ReadAction\",\"target\":[\"https:\\\/\\\/loupnoiredition.be\\\/\"]}]},{\"@type\":\"ImageObject\",\"inLanguage\":\"fr-FR\",\"@id\":\"https:\\\/\\\/loupnoiredition.be\\\/#primaryimage\",\"url\":\"https:\\\/\\\/loupnoiredition.be\\\/wp-content\\\/uploads\\\/2021\\\/07\\\/illu-loupnoiredition-recadre.png\",\"contentUrl\":\"https:\\\/\\\/loupnoiredition.be\\\/wp-content\\\/uploads\\\/2021\\\/07\\\/illu-loupnoiredition-recadre.png\",\"width\":2270,\"height\":1694,\"caption\":\"Loup Noir\"},{\"@type\":\"BreadcrumbList\",\"@id\":\"https:\\\/\\\/loupnoiredition.be\\\/#breadcrumb\",\"itemListElement\":[{\"@type\":\"ListItem\",\"position\":1,\"name\":\"Accueil\",\"item\":\"https:\\\/\\\/loupnoiredition.be\\\/\"},{\"@type\":\"ListItem\",\"position\":2,\"name\":\"Home\"}]},{\"@type\":\"WebSite\",\"@id\":\"https:\\\/\\\/loupnoiredition.be\\\/#website\",\"url\":\"https:\\\/\\\/loupnoiredition.be\\\/\",\"name\":\"Loup Noir Edition\",\"description\":\"entrez dans la tani\u00e8re du loup noir\",\"publisher\":{\"@id\":\"https:\\\/\\\/loupnoiredition.be\\\/#organization\"},\"potentialAction\":[{\"@type\":\"SearchAction\",\"target\":{\"@type\":\"EntryPoint\",\"urlTemplate\":\"https:\\\/\\\/loupnoiredition.be\\\/?s={search_term_string}\"},\"query-input\":{\"@type\":\"PropertyValueSpecification\",\"valueRequired\":true,\"valueName\":\"search_term_string\"}}],\"inLanguage\":\"fr-FR\"},{\"@type\":\"Organization\",\"@id\":\"https:\\\/\\\/loupnoiredition.be\\\/#organization\",\"name\":\"Loup Noir Edition\",\"url\":\"https:\\\/\\\/loupnoiredition.be\\\/\",\"logo\":{\"@type\":\"ImageObject\",\"inLanguage\":\"fr-FR\",\"@id\":\"https:\\\/\\\/loupnoiredition.be\\\/#\\\/schema\\\/logo\\\/image\\\/\",\"url\":\"http:\\\/\\\/loupnoiredition.be\\\/wp-content\\\/uploads\\\/2021\\\/07\\\/photodeprofil.jpg\",\"contentUrl\":\"http:\\\/\\\/loupnoiredition.be\\\/wp-content\\\/uploads\\\/2021\\\/07\\\/photodeprofil.jpg\",\"width\":2480,\"height\":2480,\"caption\":\"Loup Noir Edition\"},\"image\":{\"@id\":\"https:\\\/\\\/loupnoiredition.be\\\/#\\\/schema\\\/logo\\\/image\\\/\"},\"sameAs\":[\"https:\\\/\\\/www.facebook.com\\\/LoupNoirEdition\",\"https:\\\/\\\/x.com\\\/EditionLoup\",\"https:\\\/\\\/www.instagram.com\\\/loupnoiredition\\\/\"]}]}<\/script>\n<!-- \/ Yoast SEO plugin. -->","yoast_head_json":{"title":"Home - Loup Noir Edition","robots":{"index":"index","follow":"follow","max-snippet":"max-snippet:-1","max-image-preview":"max-image-preview:large","max-video-preview":"max-video-preview:-1"},"canonical":"https:\/\/loupnoiredition.be\/","og_locale":"fr_FR","og_type":"article","og_title":"Home - Loup Noir Edition","og_description":"Bienvenue sur le site de Loup Noir Edition Bienvenue sur le site de Loup Noir Edition, une maison d&rsquo;\u00e9dition d\u00e9sirant produire des ouvrages de qualit\u00e9s, tant par son contenu que par sa pr\u00e9sentation graphique. Prenez place et d\u00e9couvrez nos talentueux auteurs ainsi que leurs merveilleux ouvrages qui sauront, nous l&rsquo;esp\u00e9rons vous transporter dans un autre &hellip;","og_url":"https:\/\/loupnoiredition.be\/","og_site_name":"Loup Noir Edition","article_publisher":"https:\/\/www.facebook.com\/LoupNoirEdition","article_modified_time":"2022-03-30T06:48:58+00:00","og_image":[{"url":"https:\/\/loupnoiredition.be\/wp-content\/uploads\/2021\/07\/illu-loupnoiredition-recadre-300x224.png","type":"","width":"","height":""}],"twitter_card":"summary_large_image","twitter_site":"@EditionLoup","twitter_misc":{"Dur\u00e9e de lecture estim\u00e9e":"1 minute"},"schema":{"@context":"https:\/\/schema.org","@graph":[{"@type":"WebPage","@id":"https:\/\/loupnoiredition.be\/","url":"https:\/\/loupnoiredition.be\/","name":"Home - Loup Noir Edition","isPartOf":{"@id":"https:\/\/loupnoiredition.be\/#website"},"primaryImageOfPage":{"@id":"https:\/\/loupnoiredition.be\/#primaryimage"},"image":{"@id":"https:\/\/loupnoiredition.be\/#primaryimage"},"thumbnailUrl":"https:\/\/loupnoiredition.be\/wp-content\/uploads\/2021\/07\/illu-loupnoiredition-recadre-300x224.png","datePublished":"2021-07-27T14:25:53+00:00","dateModified":"2022-03-30T06:48:58+00:00","breadcrumb":{"@id":"https:\/\/loupnoiredition.be\/#breadcrumb"},"inLanguage":"fr-FR","potentialAction":[{"@type":"ReadAction","target":["https:\/\/loupnoiredition.be\/"]}]},{"@type":"ImageObject","inLanguage":"fr-FR","@id":"https:\/\/loupnoiredition.be\/#primaryimage","url":"https:\/\/loupnoiredition.be\/wp-content\/uploads\/2021\/07\/illu-loupnoiredition-recadre.png","contentUrl":"https:\/\/loupnoiredition.be\/wp-content\/uploads\/2021\/07\/illu-loupnoiredition-recadre.png","width":2270,"height":1694,"caption":"Loup Noir"},{"@type":"BreadcrumbList","@id":"https:\/\/loupnoiredition.be\/#breadcrumb","itemListElement":[{"@type":"ListItem","position":1,"name":"Accueil","item":"https:\/\/loupnoiredition.be\/"},{"@type":"ListItem","position":2,"name":"Home"}]},{"@type":"WebSite","@id":"https:\/\/loupnoiredition.be\/#website","url":"https:\/\/loupnoiredition.be\/","name":"Loup Noir Edition","description":"entrez dans la tani\u00e8re du loup noir","publisher":{"@id":"https:\/\/loupnoiredition.be\/#organization"},"potentialAction":[{"@type":"SearchAction","target":{"@type":"EntryPoint","urlTemplate":"https:\/\/loupnoiredition.be\/?s={search_term_string}"},"query-input":{"@type":"PropertyValueSpecification","valueRequired":true,"valueName":"search_term_string"}}],"inLanguage":"fr-FR"},{"@type":"Organization","@id":"https:\/\/loupnoiredition.be\/#organization","name":"Loup Noir Edition","url":"https:\/\/loupnoiredition.be\/","logo":{"@type":"ImageObject","inLanguage":"fr-FR","@id":"https:\/\/loupnoiredition.be\/#\/schema\/logo\/image\/","url":"http:\/\/loupnoiredition.be\/wp-content\/uploads\/2021\/07\/photodeprofil.jpg","contentUrl":"http:\/\/loupnoiredition.be\/wp-content\/uploads\/2021\/07\/photodeprofil.jpg","width":2480,"height":2480,"caption":"Loup Noir Edition"},"image":{"@id":"https:\/\/loupnoiredition.be\/#\/schema\/logo\/image\/"},"sameAs":["https:\/\/www.facebook.com\/LoupNoirEdition","https:\/\/x.com\/EditionLoup","https:\/\/www.instagram.com\/loupnoiredition\/"]}]}},"_links":{"self":[{"href":"https:\/\/loupnoiredition.be\/index.php\/wp-json\/wp\/v2\/pages\/7","targetHints":{"allow":["GET"]}}],"collection":[{"href":"https:\/\/loupnoiredition.be\/index.php\/wp-json\/wp\/v2\/pages"}],"about":[{"href":"https:\/\/loupnoiredition.be\/index.php\/wp-json\/wp\/v2\/types\/page"}],"author":[{"embeddable":true,"href":"https:\/\/loupnoiredition.be\/index.php\/wp-json\/wp\/v2\/users\/1"}],"replies":[{"embeddable":true,"href":"https:\/\/loupnoiredition.be\/index.php\/wp-json\/wp\/v2\/comments?post=7"}],"version-history":[{"count":31,"href":"https:\/\/loupnoiredition.be\/index.php\/wp-json\/wp\/v2\/pages\/7\/revisions"}],"predecessor-version":[{"id":270,"href":"https:\/\/loupnoiredition.be\/index.php\/wp-json\/wp\/v2\/pages\/7\/revisions\/270"}],"wp:attachment":[{"href":"https:\/\/loupnoiredition.be\/index.php\/wp-json\/wp\/v2\/media?parent=7"}],"curies":[{"name":"wp","href":"https:\/\/api.w.org\/{rel}","templated":true}]}}