{"id":9,"date":"2021-07-27T16:30:23","date_gmt":"2021-07-27T14:30:23","guid":{"rendered":"http:\/\/loupnoiredition.be\/?page_id=9"},"modified":"2022-12-01T08:45:44","modified_gmt":"2022-12-01T07:45:44","slug":"presentation","status":"publish","type":"page","link":"https:\/\/loupnoiredition.be\/index.php\/presentation\/","title":{"rendered":"Pr\u00e9sentation"},"content":{"rendered":"\t\t<div data-elementor-type=\"wp-page\" data-elementor-id=\"9\" class=\"elementor elementor-9\">\n\t\t\t\t\t\t<section class=\"elementor-section elementor-top-section elementor-element elementor-element-91ee5f4 elementor-section-boxed elementor-section-height-default elementor-section-height-default\" data-id=\"91ee5f4\" data-element_type=\"section\" data-e-type=\"section\">\n\t\t\t\t\t\t<div class=\"elementor-container elementor-column-gap-default\">\n\t\t\t\t\t<div class=\"elementor-column elementor-col-100 elementor-top-column elementor-element elementor-element-98fc422\" data-id=\"98fc422\" data-element_type=\"column\" data-e-type=\"column\">\n\t\t\t<div class=\"elementor-widget-wrap elementor-element-populated\">\n\t\t\t\t\t\t<div class=\"elementor-element elementor-element-798276e elementor-widget elementor-widget-heading\" data-id=\"798276e\" data-element_type=\"widget\" data-e-type=\"widget\" data-widget_type=\"heading.default\">\n\t\t\t\t<div class=\"elementor-widget-container\">\n\t\t\t\t\t<h1 class=\"elementor-heading-title elementor-size-default\">Pr\u00e9sentation<\/h1>\t\t\t\t<\/div>\n\t\t\t\t<\/div>\n\t\t\t\t\t<\/div>\n\t\t<\/div>\n\t\t\t\t\t<\/div>\n\t\t<\/section>\n\t\t\t\t<section class=\"elementor-section elementor-top-section elementor-element elementor-element-83ec123 elementor-section-boxed elementor-section-height-default elementor-section-height-default\" data-id=\"83ec123\" data-element_type=\"section\" data-e-type=\"section\">\n\t\t\t\t\t\t<div class=\"elementor-container elementor-column-gap-default\">\n\t\t\t\t\t<div class=\"elementor-column elementor-col-100 elementor-top-column elementor-element elementor-element-e682bd1\" data-id=\"e682bd1\" data-element_type=\"column\" data-e-type=\"column\">\n\t\t\t<div class=\"elementor-widget-wrap elementor-element-populated\">\n\t\t\t\t\t\t<div class=\"elementor-element elementor-element-5f02007 elementor-widget elementor-widget-text-editor\" data-id=\"5f02007\" data-element_type=\"widget\" data-e-type=\"widget\" data-widget_type=\"text-editor.default\">\n\t\t\t\t<div class=\"elementor-widget-container\">\n\t\t\t\t\t\t\t\t\t<h2>Entrez dans la tani\u00e8re du Loup Noir&#8230;.<\/h2><p><a href=\"https:\/\/loupnoiredition.be\/wp-content\/uploads\/2021\/07\/rollup-web.jpg\"><img decoding=\"async\" class=\"alignright wp-image-101 size-medium\" src=\"https:\/\/loupnoiredition.be\/wp-content\/uploads\/2021\/07\/rollup-web-126x300.jpg\" alt=\"image graphique\" width=\"126\" height=\"300\" srcset=\"https:\/\/loupnoiredition.be\/wp-content\/uploads\/2021\/07\/rollup-web-126x300.jpg 126w, https:\/\/loupnoiredition.be\/wp-content\/uploads\/2021\/07\/rollup-web.jpg 250w\" sizes=\"(max-width: 126px) 100vw, 126px\" \/><\/a>Fond\u00e9e en d\u00e9cembre 2020, Loup Noir Edition est une structure \u00e9ditoriale qui d\u00e9sire conserver une taille humaine. <br \/>Afin de pr\u00e9server la qualit\u00e9 de nos ouvrages nous pr\u00e9f\u00e9rons rester dans un cadre convivial.<\/p><p>La ligne \u00e9ditoriale de Loup Noir Edition s&rsquo;axe en premier lieu sur l&rsquo;aspect \u00ab\u00a0beaux livres\u00a0\u00bb. En effet, nous mettons un point d&rsquo;honneur \u00e0 soigner le graphisme int\u00e9rieur et ext\u00e9rieur de nos publications.\u00a0<\/p><p>La cl\u00e9 de vo\u00fbte de notre ligne \u00e9ditoriale est l&rsquo;Aventure. Celle-ci peut \u00eatre historique, fantastique, romantique ou s&rsquo;adresser \u00e0 la jeunesse dont la sensibilisation au livre et \u00e0 la lecture nous importe v\u00e9ritablement.<\/p><p>D\u00e9sirez-vous parcourir des mondes fantastiques tant\u00f4t fascinants tant\u00f4t effrayants ? Envie de d\u00e9couvrir l&rsquo;Histoire sous un point de vue diff\u00e9rent ? Ou alors tout simplement amateur d&rsquo;artbooks et de beaux livres ?<\/p><p>Faites-vous plaisir en d\u00e9couvrant notre catalogue.<\/p><p>Nous esp\u00e9rons que nos diff\u00e9rentes publications vous raviront.<\/p>\t\t\t\t\t\t\t\t<\/div>\n\t\t\t\t<\/div>\n\t\t\t\t\t<\/div>\n\t\t<\/div>\n\t\t\t\t\t<\/div>\n\t\t<\/section>\n\t\t\t\t<\/div>\n\t\t","protected":false},"excerpt":{"rendered":"<p>Pr\u00e9sentation Entrez dans la tani\u00e8re du Loup Noir&#8230;. Fond\u00e9e en d\u00e9cembre 2020, Loup Noir Edition est une structure \u00e9ditoriale qui d\u00e9sire conserver une taille humaine. Afin de pr\u00e9server la qualit\u00e9 de nos ouvrages nous pr\u00e9f\u00e9rons rester dans un cadre convivial. La ligne \u00e9ditoriale de Loup Noir Edition s&rsquo;axe en premier lieu sur l&rsquo;aspect \u00ab\u00a0beaux livres\u00a0\u00bb. &hellip;<\/p>\n","protected":false},"author":1,"featured_media":0,"parent":0,"menu_order":0,"comment_status":"closed","ping_status":"closed","template":"","meta":{"footnotes":""},"class_list":["post-9","page","type-page","status-publish","hentry"],"yoast_head":"<!-- This site is optimized with the Yoast SEO plugin v27.4 - https:\/\/yoast.com\/product\/yoast-seo-wordpress\/ -->\n<title>Pr\u00e9sentation - Loup Noir Edition<\/title>\n<meta name=\"robots\" content=\"index, follow, max-snippet:-1, max-image-preview:large, max-video-preview:-1\" \/>\n<link rel=\"canonical\" href=\"https:\/\/loupnoiredition.be\/index.php\/presentation\/\" \/>\n<meta property=\"og:locale\" content=\"fr_FR\" \/>\n<meta property=\"og:type\" content=\"article\" \/>\n<meta property=\"og:title\" content=\"Pr\u00e9sentation - Loup Noir Edition\" \/>\n<meta property=\"og:description\" content=\"Pr\u00e9sentation Entrez dans la tani\u00e8re du Loup Noir&#8230;. Fond\u00e9e en d\u00e9cembre 2020, Loup Noir Edition est une structure \u00e9ditoriale qui d\u00e9sire conserver une taille humaine. Afin de pr\u00e9server la qualit\u00e9 de nos ouvrages nous pr\u00e9f\u00e9rons rester dans un cadre convivial. La ligne \u00e9ditoriale de Loup Noir Edition s&rsquo;axe en premier lieu sur l&rsquo;aspect \u00ab\u00a0beaux livres\u00a0\u00bb. &hellip;\" \/>\n<meta property=\"og:url\" content=\"https:\/\/loupnoiredition.be\/index.php\/presentation\/\" \/>\n<meta property=\"og:site_name\" content=\"Loup Noir Edition\" \/>\n<meta property=\"article:publisher\" content=\"https:\/\/www.facebook.com\/LoupNoirEdition\" \/>\n<meta property=\"article:modified_time\" content=\"2022-12-01T07:45:44+00:00\" \/>\n<meta property=\"og:image\" content=\"https:\/\/loupnoiredition.be\/wp-content\/uploads\/2021\/07\/rollup-web-126x300.jpg\" \/>\n<meta name=\"twitter:card\" content=\"summary_large_image\" \/>\n<meta name=\"twitter:site\" content=\"@EditionLoup\" \/>\n<meta name=\"twitter:label1\" content=\"Dur\u00e9e de lecture estim\u00e9e\" \/>\n\t<meta name=\"twitter:data1\" content=\"1 minute\" \/>\n<script type=\"application\/ld+json\" class=\"yoast-schema-graph\">{\"@context\":\"https:\\\/\\\/schema.org\",\"@graph\":[{\"@type\":\"WebPage\",\"@id\":\"https:\\\/\\\/loupnoiredition.be\\\/index.php\\\/presentation\\\/\",\"url\":\"https:\\\/\\\/loupnoiredition.be\\\/index.php\\\/presentation\\\/\",\"name\":\"Pr\u00e9sentation - Loup Noir Edition\",\"isPartOf\":{\"@id\":\"https:\\\/\\\/loupnoiredition.be\\\/#website\"},\"primaryImageOfPage\":{\"@id\":\"https:\\\/\\\/loupnoiredition.be\\\/index.php\\\/presentation\\\/#primaryimage\"},\"image\":{\"@id\":\"https:\\\/\\\/loupnoiredition.be\\\/index.php\\\/presentation\\\/#primaryimage\"},\"thumbnailUrl\":\"https:\\\/\\\/loupnoiredition.be\\\/wp-content\\\/uploads\\\/2021\\\/07\\\/rollup-web-126x300.jpg\",\"datePublished\":\"2021-07-27T14:30:23+00:00\",\"dateModified\":\"2022-12-01T07:45:44+00:00\",\"breadcrumb\":{\"@id\":\"https:\\\/\\\/loupnoiredition.be\\\/index.php\\\/presentation\\\/#breadcrumb\"},\"inLanguage\":\"fr-FR\",\"potentialAction\":[{\"@type\":\"ReadAction\",\"target\":[\"https:\\\/\\\/loupnoiredition.be\\\/index.php\\\/presentation\\\/\"]}]},{\"@type\":\"ImageObject\",\"inLanguage\":\"fr-FR\",\"@id\":\"https:\\\/\\\/loupnoiredition.be\\\/index.php\\\/presentation\\\/#primaryimage\",\"url\":\"https:\\\/\\\/loupnoiredition.be\\\/wp-content\\\/uploads\\\/2021\\\/07\\\/rollup-web.jpg\",\"contentUrl\":\"https:\\\/\\\/loupnoiredition.be\\\/wp-content\\\/uploads\\\/2021\\\/07\\\/rollup-web.jpg\",\"width\":250,\"height\":594,\"caption\":\"image graphique\"},{\"@type\":\"BreadcrumbList\",\"@id\":\"https:\\\/\\\/loupnoiredition.be\\\/index.php\\\/presentation\\\/#breadcrumb\",\"itemListElement\":[{\"@type\":\"ListItem\",\"position\":1,\"name\":\"Accueil\",\"item\":\"https:\\\/\\\/loupnoiredition.be\\\/\"},{\"@type\":\"ListItem\",\"position\":2,\"name\":\"Pr\u00e9sentation\"}]},{\"@type\":\"WebSite\",\"@id\":\"https:\\\/\\\/loupnoiredition.be\\\/#website\",\"url\":\"https:\\\/\\\/loupnoiredition.be\\\/\",\"name\":\"Loup Noir Edition\",\"description\":\"entrez dans la tani\u00e8re du loup noir\",\"publisher\":{\"@id\":\"https:\\\/\\\/loupnoiredition.be\\\/#organization\"},\"potentialAction\":[{\"@type\":\"SearchAction\",\"target\":{\"@type\":\"EntryPoint\",\"urlTemplate\":\"https:\\\/\\\/loupnoiredition.be\\\/?s={search_term_string}\"},\"query-input\":{\"@type\":\"PropertyValueSpecification\",\"valueRequired\":true,\"valueName\":\"search_term_string\"}}],\"inLanguage\":\"fr-FR\"},{\"@type\":\"Organization\",\"@id\":\"https:\\\/\\\/loupnoiredition.be\\\/#organization\",\"name\":\"Loup Noir Edition\",\"url\":\"https:\\\/\\\/loupnoiredition.be\\\/\",\"logo\":{\"@type\":\"ImageObject\",\"inLanguage\":\"fr-FR\",\"@id\":\"https:\\\/\\\/loupnoiredition.be\\\/#\\\/schema\\\/logo\\\/image\\\/\",\"url\":\"http:\\\/\\\/loupnoiredition.be\\\/wp-content\\\/uploads\\\/2021\\\/07\\\/photodeprofil.jpg\",\"contentUrl\":\"http:\\\/\\\/loupnoiredition.be\\\/wp-content\\\/uploads\\\/2021\\\/07\\\/photodeprofil.jpg\",\"width\":2480,\"height\":2480,\"caption\":\"Loup Noir Edition\"},\"image\":{\"@id\":\"https:\\\/\\\/loupnoiredition.be\\\/#\\\/schema\\\/logo\\\/image\\\/\"},\"sameAs\":[\"https:\\\/\\\/www.facebook.com\\\/LoupNoirEdition\",\"https:\\\/\\\/x.com\\\/EditionLoup\",\"https:\\\/\\\/www.instagram.com\\\/loupnoiredition\\\/\"]}]}<\/script>\n<!-- \/ Yoast SEO plugin. -->","yoast_head_json":{"title":"Pr\u00e9sentation - Loup Noir Edition","robots":{"index":"index","follow":"follow","max-snippet":"max-snippet:-1","max-image-preview":"max-image-preview:large","max-video-preview":"max-video-preview:-1"},"canonical":"https:\/\/loupnoiredition.be\/index.php\/presentation\/","og_locale":"fr_FR","og_type":"article","og_title":"Pr\u00e9sentation - Loup Noir Edition","og_description":"Pr\u00e9sentation Entrez dans la tani\u00e8re du Loup Noir&#8230;. Fond\u00e9e en d\u00e9cembre 2020, Loup Noir Edition est une structure \u00e9ditoriale qui d\u00e9sire conserver une taille humaine. Afin de pr\u00e9server la qualit\u00e9 de nos ouvrages nous pr\u00e9f\u00e9rons rester dans un cadre convivial. La ligne \u00e9ditoriale de Loup Noir Edition s&rsquo;axe en premier lieu sur l&rsquo;aspect \u00ab\u00a0beaux livres\u00a0\u00bb. &hellip;","og_url":"https:\/\/loupnoiredition.be\/index.php\/presentation\/","og_site_name":"Loup Noir Edition","article_publisher":"https:\/\/www.facebook.com\/LoupNoirEdition","article_modified_time":"2022-12-01T07:45:44+00:00","og_image":[{"url":"https:\/\/loupnoiredition.be\/wp-content\/uploads\/2021\/07\/rollup-web-126x300.jpg","type":"","width":"","height":""}],"twitter_card":"summary_large_image","twitter_site":"@EditionLoup","twitter_misc":{"Dur\u00e9e de lecture estim\u00e9e":"1 minute"},"schema":{"@context":"https:\/\/schema.org","@graph":[{"@type":"WebPage","@id":"https:\/\/loupnoiredition.be\/index.php\/presentation\/","url":"https:\/\/loupnoiredition.be\/index.php\/presentation\/","name":"Pr\u00e9sentation - Loup Noir Edition","isPartOf":{"@id":"https:\/\/loupnoiredition.be\/#website"},"primaryImageOfPage":{"@id":"https:\/\/loupnoiredition.be\/index.php\/presentation\/#primaryimage"},"image":{"@id":"https:\/\/loupnoiredition.be\/index.php\/presentation\/#primaryimage"},"thumbnailUrl":"https:\/\/loupnoiredition.be\/wp-content\/uploads\/2021\/07\/rollup-web-126x300.jpg","datePublished":"2021-07-27T14:30:23+00:00","dateModified":"2022-12-01T07:45:44+00:00","breadcrumb":{"@id":"https:\/\/loupnoiredition.be\/index.php\/presentation\/#breadcrumb"},"inLanguage":"fr-FR","potentialAction":[{"@type":"ReadAction","target":["https:\/\/loupnoiredition.be\/index.php\/presentation\/"]}]},{"@type":"ImageObject","inLanguage":"fr-FR","@id":"https:\/\/loupnoiredition.be\/index.php\/presentation\/#primaryimage","url":"https:\/\/loupnoiredition.be\/wp-content\/uploads\/2021\/07\/rollup-web.jpg","contentUrl":"https:\/\/loupnoiredition.be\/wp-content\/uploads\/2021\/07\/rollup-web.jpg","width":250,"height":594,"caption":"image graphique"},{"@type":"BreadcrumbList","@id":"https:\/\/loupnoiredition.be\/index.php\/presentation\/#breadcrumb","itemListElement":[{"@type":"ListItem","position":1,"name":"Accueil","item":"https:\/\/loupnoiredition.be\/"},{"@type":"ListItem","position":2,"name":"Pr\u00e9sentation"}]},{"@type":"WebSite","@id":"https:\/\/loupnoiredition.be\/#website","url":"https:\/\/loupnoiredition.be\/","name":"Loup Noir Edition","description":"entrez dans la tani\u00e8re du loup noir","publisher":{"@id":"https:\/\/loupnoiredition.be\/#organization"},"potentialAction":[{"@type":"SearchAction","target":{"@type":"EntryPoint","urlTemplate":"https:\/\/loupnoiredition.be\/?s={search_term_string}"},"query-input":{"@type":"PropertyValueSpecification","valueRequired":true,"valueName":"search_term_string"}}],"inLanguage":"fr-FR"},{"@type":"Organization","@id":"https:\/\/loupnoiredition.be\/#organization","name":"Loup Noir Edition","url":"https:\/\/loupnoiredition.be\/","logo":{"@type":"ImageObject","inLanguage":"fr-FR","@id":"https:\/\/loupnoiredition.be\/#\/schema\/logo\/image\/","url":"http:\/\/loupnoiredition.be\/wp-content\/uploads\/2021\/07\/photodeprofil.jpg","contentUrl":"http:\/\/loupnoiredition.be\/wp-content\/uploads\/2021\/07\/photodeprofil.jpg","width":2480,"height":2480,"caption":"Loup Noir Edition"},"image":{"@id":"https:\/\/loupnoiredition.be\/#\/schema\/logo\/image\/"},"sameAs":["https:\/\/www.facebook.com\/LoupNoirEdition","https:\/\/x.com\/EditionLoup","https:\/\/www.instagram.com\/loupnoiredition\/"]}]}},"_links":{"self":[{"href":"https:\/\/loupnoiredition.be\/index.php\/wp-json\/wp\/v2\/pages\/9","targetHints":{"allow":["GET"]}}],"collection":[{"href":"https:\/\/loupnoiredition.be\/index.php\/wp-json\/wp\/v2\/pages"}],"about":[{"href":"https:\/\/loupnoiredition.be\/index.php\/wp-json\/wp\/v2\/types\/page"}],"author":[{"embeddable":true,"href":"https:\/\/loupnoiredition.be\/index.php\/wp-json\/wp\/v2\/users\/1"}],"replies":[{"embeddable":true,"href":"https:\/\/loupnoiredition.be\/index.php\/wp-json\/wp\/v2\/comments?post=9"}],"version-history":[{"count":41,"href":"https:\/\/loupnoiredition.be\/index.php\/wp-json\/wp\/v2\/pages\/9\/revisions"}],"predecessor-version":[{"id":425,"href":"https:\/\/loupnoiredition.be\/index.php\/wp-json\/wp\/v2\/pages\/9\/revisions\/425"}],"wp:attachment":[{"href":"https:\/\/loupnoiredition.be\/index.php\/wp-json\/wp\/v2\/media?parent=9"}],"curies":[{"name":"wp","href":"https:\/\/api.w.org\/{rel}","templated":true}]}}